{"id":79,"date":"2022-01-28T15:47:20","date_gmt":"2022-01-28T14:47:20","guid":{"rendered":"https:\/\/new.quantum-isoraka.com\/?page_id=79"},"modified":"2023-09-29T11:16:00","modified_gmt":"2023-09-29T09:16:00","slug":"evenements","status":"publish","type":"page","link":"https:\/\/new.quantum-isoraka.com\/?page_id=79","title":{"rendered":"Ev\u00e9nements"},"content":{"rendered":"\n[section padding=\u00a0\u00bb0px\u00a0\u00bb]\n\n[ux_banner height=\u00a0\u00bb57%\u00a0\u00bb bg_overlay=\u00a0\u00bbrgba(2, 13, 13, 0.494)\u00a0\u00bb video_mp4=\u00a0\u00bbhttps:\/\/new.quantum-isoraka.com\/wp-content\/uploads\/2023\/01\/Les-evenements-au-QUANTUM.mp4&Prime;]\n\n[text_box width=\u00a0\u00bb83&Prime; animate=\u00a0\u00bbbounceInUp\u00a0\u00bb position_x=\u00a0\u00bb95&Prime; position_y=\u00a0\u00bb100&Prime;]\n\n[ux_text font_size=\u00a0\u00bb4&Prime; font_size__sm=\u00a0\u00bb1.5&Prime; font_size__md=\u00a0\u00bb4&Prime;]\n\n<p>\u00c9V\u00c8NEMENTS<\/p>\n[\/ux_text]\n[divider width=\u00a0\u00bb0px\u00a0\u00bb]\n\n[button text=\u00a0\u00bbANNIVERSAIRE\u00a0\u00bb color=\u00a0\u00bbwhite\u00a0\u00bb style=\u00a0\u00bboutline\u00a0\u00bb link=\u00a0\u00bb#ANNIVERSAIRE\u00a0\u00bb visibility=\u00a0\u00bbhide-for-small\u00a0\u00bb]\n\n[button text=\u00a0\u00bbMARIAGE\u00a0\u00bb color=\u00a0\u00bbwhite\u00a0\u00bb style=\u00a0\u00bboutline\u00a0\u00bb link=\u00a0\u00bb#MARIAGE\u00a0\u00bb visibility=\u00a0\u00bbhide-for-small\u00a0\u00bb]\n\n[button text=\u00a0\u00bbSOIR\u00c9E PRIV\u00c9E\u00a0\u00bb color=\u00a0\u00bbwhite\u00a0\u00bb style=\u00a0\u00bboutline\u00a0\u00bb link=\u00a0\u00bb#SAINT-VALENTIN\u00a0\u00bb visibility=\u00a0\u00bbhide-for-small\u00a0\u00bb]\n\n[button text=\u00a0\u00bbS\u00c9MINAIRE\u00a0\u00bb color=\u00a0\u00bbwhite\u00a0\u00bb style=\u00a0\u00bboutline\u00a0\u00bb link=\u00a0\u00bb#SEMINAIRE\u00a0\u00bb visibility=\u00a0\u00bbhide-for-small\u00a0\u00bb]\n\n[divider width=\u00a0\u00bb0px\u00a0\u00bb]\n\n\n[\/text_box]\n\n[\/ux_banner]\n\n[\/section]\n[row]\n\n[col span__sm=\u00a0\u00bb12&Prime;]\n\n[ux_text font_size=\u00a0\u00bb1.2&Prime; text_align=\u00a0\u00bbcenter\u00a0\u00bb]\n\n<p>\u00cates-vous \u00e0 la recherche d&rsquo;un restaurant de grande capacit\u00e9 pour organiser une f\u00eate de famille (bapt\u00eame, communion&#8230;), un anniversaire, un mariage ou un s\u00e9minaire ? Choisissez sans h\u00e9siter le restaurant Quantum Isoraka, pour vos \u00e9v\u00e9nements priv\u00e9s. En effet, vous pouvez privatiser notre restaurant. Vous serez \u00e9galement conquis par notre d\u00e9licieuse cuisine m\u00e9diterran\u00e9enne \u00e0 base de produits frais.<\/p>\n[\/ux_text]\n\n[\/col]\n\n[\/row]\n[scroll_to title=\u00a0\u00bbANNIVERSAIRE\u00a0\u00bb link=\u00a0\u00bbANNIVERSAIRE\u00a0\u00bb bullet=\u00a0\u00bbfalse\u00a0\u00bb]\n\n[divider width=\u00a0\u00bb0px\u00a0\u00bb height=\u00a0\u00bb10px\u00a0\u00bb]\n\n[ux_text text_align=\u00a0\u00bbcenter\u00a0\u00bb]\n\n<h2 class=\"uppercase\"><span class=\"fancy-underline\" data-text-color=\"primary\">ANNIVERSAIRE<\/span><\/h2>\n[\/ux_text]\n[divider width=\u00a0\u00bb0px\u00a0\u00bb]\n\n[row v_align=\u00a0\u00bbmiddle\u00a0\u00bb]\n\n[col span=\u00a0\u00bb6&Prime; span__sm=\u00a0\u00bb12&Prime; divider=\u00a0\u00bb0&Prime;]\n\n[ux_text font_size=\u00a0\u00bb1.28&Prime; text_align=\u00a0\u00bbleft\u00a0\u00bb]\n\n<p>Pour une c\u00e9l\u00e9bration d&rsquo;anniversaire exceptionnelle dans un cadre somptueux et confortable, optez pour le Quantum Isoraka ! Nich\u00e9 au c\u0153ur d&rsquo;Isoraka, dans le prestigieux triangle d&rsquo;or de Tananarive, notre \u00e9tablissement propose une d\u00e9licieuse cuisine m\u00e9diterran\u00e9enne, adaptable pour un ap\u00e9ritif d\u00eenatoire ou un banquet. De plus, nous avons une s\u00e9lection de cocktails, de vins et de champagnes pour combler vos pr\u00e9f\u00e9rences. En ce qui concerne le g\u00e2teau d&rsquo;anniversaire, nous l&rsquo;incluons dans votre menu d&rsquo;anniversaire en vous offrant un choix parmi nos d\u00e9licieux desserts \u00e0 la carte.<\/p>\n[\/ux_text]\n[divider width=\u00a0\u00bb0px\u00a0\u00bb height=\u00a0\u00bb0px\u00a0\u00bb]\n\n[ux_stack distribute=\u00a0\u00bbcenter\u00a0\u00bb]\n\n[button text=\u00a0\u00bbR\u00e9server\u00a0\u00bb letter_case=\u00a0\u00bblowercase\u00a0\u00bb style=\u00a0\u00bboutline\u00a0\u00bb link=\u00a0\u00bbhttps:\/\/new.quantum-isoraka.com\/contact\/\u00a0\u00bb]\n\n\n[\/ux_stack]\n\n[\/col]\n[col span=\u00a0\u00bb6&Prime; span__sm=\u00a0\u00bb12&Prime;]\n\n[ux_image id=\u00a0\u00bb1583&Prime;]\n\n\n[\/col]\n\n[\/row]\n[scroll_to title=\u00a0\u00bbMARIAGE\u00a0\u00bb link=\u00a0\u00bbMARIAGE\u00a0\u00bb bullet=\u00a0\u00bbfalse\u00a0\u00bb]\n\n[divider width=\u00a0\u00bb0px\u00a0\u00bb]\n\n[ux_text text_align=\u00a0\u00bbcenter\u00a0\u00bb]\n\n<h2 class=\"uppercase\"><span class=\"fancy-underline\" data-text-color=\"primary\">MARIAGE<\/span><\/h2>\n[\/ux_text]\n[section bg=\u00a0\u00bb1601&Prime;]\n\n[divider width=\u00a0\u00bb0px\u00a0\u00bb]\n\n[row v_align=\u00a0\u00bbmiddle\u00a0\u00bb]\n\n[col span=\u00a0\u00bb6&Prime; span__sm=\u00a0\u00bb12&Prime;]\n\n[ux_image id=\u00a0\u00bb4566&Prime;]\n\n\n[\/col]\n[col span=\u00a0\u00bb6&Prime; span__sm=\u00a0\u00bb12&Prime; divider=\u00a0\u00bb0&Prime;]\n\n[ux_text font_size=\u00a0\u00bb1.3&Prime; text_align=\u00a0\u00bbleft\u00a0\u00bb text_color=\u00a0\u00bbrgb(255, 255, 255)\u00a0\u00bb]\n\n<p style=\"text-align: left;\">Si vous souhaitez organiser votre mariage \u00e0 Tananarive, optez pour Quantum Isoraka. Choisissez le menu de votre mariage, les boissons, les cocktails, les plats et profitez de votre journ\u00e9e inoubliable. Le Quantum Isoraka est habitu\u00e9 aux grandes r\u00e9ceptions et pourra accueillir dans un confort in\u00e9gal\u00e9 plus de 200 personnes. Nous vous accompagnerons avec plaisir en ce moment exceptionnel.<\/p>\n[\/ux_text]\n[divider width=\u00a0\u00bb0px\u00a0\u00bb height=\u00a0\u00bb0px\u00a0\u00bb]\n\n[ux_stack distribute=\u00a0\u00bbcenter\u00a0\u00bb]\n\n[button text=\u00a0\u00bbR\u00e9server\u00a0\u00bb letter_case=\u00a0\u00bblowercase\u00a0\u00bb color=\u00a0\u00bbsecondary\u00a0\u00bb link=\u00a0\u00bbhttps:\/\/new.quantum-isoraka.com\/contact\/\u00a0\u00bb]\n\n\n[\/ux_stack]\n\n[\/col]\n\n[\/row]\n\n[\/section]\n[scroll_to title=\u00a0\u00bbSAINT-VALENTIN\u00a0\u00bb link=\u00a0\u00bbSAINT-VALENTIN\u00a0\u00bb bullet=\u00a0\u00bbfalse\u00a0\u00bb]\n\n[section]\n\n[ux_text text_align=\u00a0\u00bbcenter\u00a0\u00bb]\n\n<h2 class=\"uppercase\"><span class=\"fancy-underline\" data-text-color=\"primary\">SOIR\u00c9E PRIV\u00c9E<\/span><\/h2>\n[\/ux_text]\n[divider width=\u00a0\u00bb0px\u00a0\u00bb]\n\n[row v_align=\u00a0\u00bbmiddle\u00a0\u00bb]\n\n[col span=\u00a0\u00bb6&Prime; span__sm=\u00a0\u00bb12&Prime; divider=\u00a0\u00bb0&Prime;]\n\n[ux_text font_size=\u00a0\u00bb1.3&Prime; text_align=\u00a0\u00bbleft\u00a0\u00bb]\n\n<div class=\"flex-1 overflow-hidden\">\n<div class=\"react-scroll-to-bottom--css-agcgb-79elbk h-full dark:bg-gray-800\">\n<div class=\"react-scroll-to-bottom--css-agcgb-1n7m0yu\">\n<div class=\"flex flex-col text-sm dark:bg-gray-800\">\n<div class=\"group w-full text-token-text-primary border-b border-black\/10 gizmo:border-0 dark:border-gray-900\/50 gizmo:dark:border-0 bg-gray-50 gizmo:bg-transparent dark:bg-[#444654] gizmo:dark:bg-transparent\" data-testid=\"conversation-turn-5\">\n<div class=\"p-4 justify-center text-base md:gap-6 md:py-6 m-auto\">\n<div class=\"flex flex-1 gap-4 text-base mx-auto md:gap-6 gizmo:gap-3 gizmo:md:px-5 gizmo:lg:px-1 gizmo:xl:px-5 md:max-w-2xl lg:max-w-[38rem] gizmo:md:max-w-3xl gizmo:lg:max-w-[40rem] gizmo:xl:max-w-[48rem] xl:max-w-3xl }\">\n<div class=\"relative flex w-[calc(100%-50px)] flex-col gap-1 gizmo:w-full md:gap-3 lg:w-[calc(100%-115px)] agent-turn\">\n<div class=\"flex flex-grow flex-col gap-3 max-w-full\">\n<div class=\"min-h-[20px] flex flex-col items-start gap-3 overflow-x-auto whitespace-pre-wrap break-words\">\n<div class=\"markdown prose w-full break-words dark:prose-invert light\">\n<p>Plongez dans l&rsquo;\u00e9l\u00e9gance et l&rsquo;intrigue de l&rsquo;univers 007 en r\u00e9servant notre salle priv\u00e9e exclusive. Que ce soit pour des soir\u00e9es priv\u00e9es envo\u00fbtantes, des conf\u00e9rences inspirantes ou des anniversaires m\u00e9morables, notre espace \u00e0 th\u00e8me 007 est l&rsquo;endroit id\u00e9al pour toutes vos occasions sp\u00e9ciales.<\/p>\n<p>Imaginez un lieu o\u00f9 l&rsquo;harmonie et la classe se rejoignent pour cr\u00e9er des soir\u00e9es exclusives, des conf\u00e9rences captivantes et des anniversaires \u00e9poustouflants. Notre salle \u00e0 th\u00e8me \u00ab\u00a0007\u00a0\u00bb est con\u00e7ue pour offrir le glamour hollywoodien, une ambiance feutr\u00e9e et le style incomparable que vous recherchez. Votre mission est claire : organiser un \u00e9v\u00e9nement m\u00e9morable, et notre salle \u00ab\u00a0007\u00a0\u00bb vous offre le cadre parfait pour le succ\u00e8s. R\u00e9servez d\u00e8s maintenant et transformez votre prochain \u00e9v\u00e9nement en une v\u00e9ritable aventure inoubliable.<\/p>\n<\/div>\n<\/div>\n<\/div>\n<div class=\"flex justify-between empty:hidden lg:block\">\n<div class=\"text-gray-400 flex self-end lg:self-center justify-center gizmo:lg:justify-start mt-2 gizmo:mt-0 visible lg:gap-1 lg:absolute lg:top-0 lg:translate-x-full lg:right-0 lg:mt-0 lg:pl-2 gap-2 md:gap-3\"><button class=\"flex ml-auto gizmo:ml-0 gap-2 items-center rounded-md p-1 text-xs gizmo:gap-1.5 gizmo:pl-0 dark:text-gray-400 dark:hover:bg-gray-700 dark:hover:text-gray-200 disabled:dark:hover:text-gray-400 hover:bg-gray-100 hover:text-gray-700\"><\/button>\n<div class=\"flex gap-1 gizmo:gap-3\">\u00a0<\/div>\n<\/div>\n<\/div>\n<\/div>\n<\/div>\n<\/div>\n<\/div>\n<div class=\"h-32 md:h-48 flex-shrink-0\">\u00a0<\/div>\n<button class=\"cursor-pointer absolute right-6 gizmo:right-1\/2 bottom-[124px] md:bottom-[180px] gizmo:md:bottom-[143px] lg:bottom-[120px] z-10 rounded-full border border-gray-200 gizmo:border-black\/10 bg-gray-50 text-gray-600 dark:border-white\/10 dark:bg-white\/10 gizmo:bg-token-surface-primary dark:text-gray-200\"><\/button><\/div>\n<\/div>\n<\/div>\n<\/div>\n<div class=\"absolute bottom-0 left-0 w-full border-t md:border-t-0 dark:border-white\/20 md:border-transparent md:dark:border-transparent md:bg-vert-light-gradient bg-white dark:bg-gray-800 md:!bg-transparent dark:md:bg-vert-dark-gradient pt-2 md:pl-2 md:w-[calc(100%-.5rem)]\"><form class=\"stretch mx-2 flex flex-row gap-3 last:mb-2 md:mx-4 md:last:mb-6 lg:mx-auto lg:max-w-2xl xl:max-w-3xl\">\n<div class=\"relative flex h-full flex-1 items-stretch md:flex-col\">\n<div>\n<div class=\"h-full flex ml-1 md:w-full md:m-auto md:mb-4 gap-0 md:gap-2 justify-center\">\u00a0<\/div>\n<\/div>\n<\/div>\n<\/form><\/div>\n[\/ux_text]\n[divider width=\u00a0\u00bb0px\u00a0\u00bb height=\u00a0\u00bb0px\u00a0\u00bb]\n\n[ux_stack distribute=\u00a0\u00bbcenter\u00a0\u00bb]\n\n[button text=\u00a0\u00bbR\u00e9server\u00a0\u00bb letter_case=\u00a0\u00bblowercase\u00a0\u00bb style=\u00a0\u00bboutline\u00a0\u00bb link=\u00a0\u00bbhttps:\/\/new.quantum-isoraka.com\/contact\/\u00a0\u00bb]\n\n\n[\/ux_stack]\n\n[\/col]\n[col span=\u00a0\u00bb6&Prime; span__sm=\u00a0\u00bb12&Prime;]\n\n[ux_image id=\u00a0\u00bb4559&Prime;]\n\n\n[\/col]\n\n[\/row]\n\n[\/section]\n[scroll_to title=\u00a0\u00bbS\u00c9MINAIRE\u00a0\u00bb link=\u00a0\u00bbS\u00c9MINAIRE\u00a0\u00bb bullet=\u00a0\u00bbfalse\u00a0\u00bb]\n\n[ux_text text_align=\u00a0\u00bbcenter\u00a0\u00bb]\n\n<h2 class=\"uppercase\"><span class=\"fancy-underline\" data-text-color=\"primary\">SEMINAIRE<\/span><\/h2>\n[\/ux_text]\n[section bg=\u00a0\u00bb1623&Prime;]\n\n[divider width=\u00a0\u00bb0px\u00a0\u00bb]\n\n[row v_align=\u00a0\u00bbmiddle\u00a0\u00bb]\n\n[col span=\u00a0\u00bb6&Prime; span__sm=\u00a0\u00bb12&Prime;]\n\n[ux_image id=\u00a0\u00bb1621&Prime;]\n\n\n[\/col]\n[col span=\u00a0\u00bb6&Prime; span__sm=\u00a0\u00bb12&Prime; divider=\u00a0\u00bb0&Prime;]\n\n[ux_text font_size=\u00a0\u00bb1.3&Prime; text_align=\u00a0\u00bbleft\u00a0\u00bb text_color=\u00a0\u00bbrgb(255,255,255)\u00a0\u00bb]\n\n<p>Opter pour la privatisation du restaurant ou de notre salle exclusive pour des s\u00e9minaires ou des d\u00e9jeuners d&rsquo;affaires repr\u00e9sente une d\u00e9cision judicieuse pour ceux qui souhaitent harmoniser r\u00e9flexion et gastronomie. Pour la planification d&rsquo;une journ\u00e9e d&rsquo;\u00e9tude au sein de notre \u00e9tablissement, nous mettons \u00e0 votre disposition la possibilit\u00e9 de r\u00e9server une salle d\u00e9di\u00e9e ainsi que l&rsquo;\u00e9quipement n\u00e9cessaire, tel qu&rsquo;un tableau d&rsquo;affichage et un vid\u00e9o-projecteur, pour des r\u00e9unions confidentielles et productives&#8230;<\/p>\n[\/ux_text]\n[divider width=\u00a0\u00bb0px\u00a0\u00bb height=\u00a0\u00bb0px\u00a0\u00bb]\n\n[ux_stack distribute=\u00a0\u00bbcenter\u00a0\u00bb]\n\n[button text=\u00a0\u00bbR\u00e9server\u00a0\u00bb letter_case=\u00a0\u00bblowercase\u00a0\u00bb color=\u00a0\u00bbsecondary\u00a0\u00bb link=\u00a0\u00bbhttps:\/\/new.quantum-isoraka.com\/contact\/\u00a0\u00bb]\n\n\n[\/ux_stack]\n\n[\/col]\n\n[\/row]\n\n[\/section]\n\n","protected":false},"excerpt":{"rendered":"","protected":false},"author":1,"featured_media":0,"parent":0,"menu_order":0,"comment_status":"closed","ping_status":"closed","template":"page-transparent-header.php","meta":{"_kad_post_transparent":"","_kad_post_title":"","_kad_post_layout":"","_kad_post_sidebar_id":"","_kad_post_content_style":"","_kad_post_vertical_padding":"","_kad_post_feature":"","_kad_post_feature_position":"","_kad_post_header":false,"_kad_post_footer":false,"_kad_post_classname":"","footnotes":""},"class_list":["post-79","page","type-page","status-publish","hentry"],"_links":{"self":[{"href":"https:\/\/new.quantum-isoraka.com\/index.php?rest_route=\/wp\/v2\/pages\/79","targetHints":{"allow":["GET"]}}],"collection":[{"href":"https:\/\/new.quantum-isoraka.com\/index.php?rest_route=\/wp\/v2\/pages"}],"about":[{"href":"https:\/\/new.quantum-isoraka.com\/index.php?rest_route=\/wp\/v2\/types\/page"}],"author":[{"embeddable":true,"href":"https:\/\/new.quantum-isoraka.com\/index.php?rest_route=\/wp\/v2\/users\/1"}],"replies":[{"embeddable":true,"href":"https:\/\/new.quantum-isoraka.com\/index.php?rest_route=%2Fwp%2Fv2%2Fcomments&post=79"}],"version-history":[{"count":0,"href":"https:\/\/new.quantum-isoraka.com\/index.php?rest_route=\/wp\/v2\/pages\/79\/revisions"}],"wp:attachment":[{"href":"https:\/\/new.quantum-isoraka.com\/index.php?rest_route=%2Fwp%2Fv2%2Fmedia&parent=79"}],"curies":[{"name":"wp","href":"https:\/\/api.w.org\/{rel}","templated":true}]}}